{"id":54,"date":"2026-03-25T00:32:39","date_gmt":"2026-03-25T00:32:39","guid":{"rendered":"https:\/\/serturim.com\/?page_id=54"},"modified":"2026-04-04T02:54:12","modified_gmt":"2026-04-04T02:54:12","slug":"private-experiences","status":"publish","type":"page","link":"https:\/\/serturim.com\/es\/private-experiences\/","title":{"rendered":"Experiencias Privadas"},"content":{"rendered":"<h2 class=\"wp-block-heading has-white-background-color has-background\">Experiencias privadas, dise\u00f1adas a tu medida<\/h2>\n\n\n\n<p>Descubre Colombia a trav\u00e9s de viajes totalmente personalizados, dise\u00f1ados para adaptarse a tus intereses, ritmo y expectativas.<\/p>\n\n\n\n<div class=\"wp-block-buttons is-layout-flex wp-block-buttons-is-layout-flex\">\n<div class=\"wp-block-button\"><a class=\"wp-block-button__link has-white-background-color has-background wp-element-button\" href=\"https:\/\/wa.me\/573128555988?text=Hello%20I%20would%20like%20to%20plan%20a%20private%20journey%20in%20Colombia\">Empezar a planificar<\/a><\/div>\n<\/div>\n\n\n\n\n\n\n\n\n\n\n\n<h2 class=\"wp-block-heading\">M\u00e1s que tours, experiencias privadas curadas.<\/h2>\n\n\n\n<p>En SERTURIM, no ofrecemos itinerarios est\u00e1ndar. Cada experiencia est\u00e1 cuidadosamente dise\u00f1ada para brindar confort, exclusividad y autenticidad, siempre a tu medida.<\/p>\n\n\n\n\n\n\n\n\n\n\n\n<h2 class=\"wp-block-heading\">\u00bfQu\u00e9 hace que nuestras experiencias sean \u00fanicas?<\/h2>\n\n\n\n<p>\u2714 Totalmente privado, sin grupos compartidos<br>\u2714 Dise\u00f1ado enteramente seg\u00fan tus preferencias<br>\u2714 Horarios flexibles, sin prisas ni presiones<br>\u2714 Veh\u00edculo dedicado y gu\u00eda biling\u00fce<br>\u2714 Servicio puerta a puerta sin interrupciones<\/p>\n\n\n\n\n\n\n\n\n\n\n\n<h2 class=\"wp-block-heading\">Explora nuestras experiencias privadas<\/h2>\n\n\n\n<p>Cada experiencia se puede personalizar por completo o combinar para crear un viaje privado de varios d\u00edas.<\/p>\n\n\n\n\n\n\n\n\n\n\n\n<h2 class=\"wp-block-heading\">A medida, siempre<\/h2>\n\n\n\n<p>\u00bfBuscas algo diferente? Nos especializamos en crear experiencias totalmente personalizadas basadas en tus intereses, ya sea cultura, gastronom\u00eda, naturaleza o algo completamente \u00fanico.<\/p>\n\n\n\n\n\n\n\n\n\n\n\n<h2 class=\"wp-block-heading\">Dise\u00f1ado para viajeros que valoran la calidad<\/h2>\n\n\n\n<p>Nuestras experiencias son ideales para quienes priorizan la comodidad, la privacidad y los viajes con sentido. Perfectas para parejas, familias y grupos peque\u00f1os que buscan una manera m\u00e1s refinada de explorar Colombia.<\/p>\n\n\n\n\n\n\n\n<p class=\"has-white-background-color has-background\"><\/p>\n\n\n\n<h2 class=\"wp-block-heading\">Dise\u00f1emos tu experiencia<\/h2>\n\n\n\n<p>Cu\u00e9ntanos qu\u00e9 tienes en mente, nosotros nos encargamos de cada detalle.<\/p>\n\n\n\n<div class=\"wp-block-buttons is-layout-flex wp-block-buttons-is-layout-flex\">\n<div class=\"wp-block-button\"><a class=\"wp-block-button__link wp-element-button\" href=\"https:\/\/wa.me\/573128555988?text=Hello%20I%20would%20like%20to%20plan%20a%20private%20journey%20in%20Colombia\">Planifica mi experiencia privada<\/a><\/div>\n<\/div>","protected":false},"excerpt":{"rendered":"<p>Private Experiences, Designed Around You Discover Colombia through fully personalized journeys, crafted to match your interests, pace, and expectations. More than tours curated private journeys At SERTURIM, we don\u2019t offer standard itineraries. Each experience is carefully designed to provide comfort, exclusivity, and authenticity always tailored to you. What makes our experiences unique \u2714 Fully private [&hellip;]<\/p>\n","protected":false},"author":1,"featured_media":0,"parent":0,"menu_order":0,"comment_status":"closed","ping_status":"closed","template":"","meta":{"travel_tour_sidebar_layout":"","_joinchat":[],"footnotes":""},"class_list":["post-54","page","type-page","status-publish","hentry","col-sm-12 eq-blocks"],"_links":{"self":[{"href":"https:\/\/serturim.com\/es\/wp-json\/wp\/v2\/pages\/54","targetHints":{"allow":["GET"]}}],"collection":[{"href":"https:\/\/serturim.com\/es\/wp-json\/wp\/v2\/pages"}],"about":[{"href":"https:\/\/serturim.com\/es\/wp-json\/wp\/v2\/types\/page"}],"author":[{"embeddable":true,"href":"https:\/\/serturim.com\/es\/wp-json\/wp\/v2\/users\/1"}],"replies":[{"embeddable":true,"href":"https:\/\/serturim.com\/es\/wp-json\/wp\/v2\/comments?post=54"}],"version-history":[{"count":5,"href":"https:\/\/serturim.com\/es\/wp-json\/wp\/v2\/pages\/54\/revisions"}],"predecessor-version":[{"id":274,"href":"https:\/\/serturim.com\/es\/wp-json\/wp\/v2\/pages\/54\/revisions\/274"}],"wp:attachment":[{"href":"https:\/\/serturim.com\/es\/wp-json\/wp\/v2\/media?parent=54"}],"curies":[{"name":"wp","href":"https:\/\/api.w.org\/{rel}","templated":true}]}}