{"id":50,"date":"2026-03-25T00:31:55","date_gmt":"2026-03-25T00:31:55","guid":{"rendered":"https:\/\/serturim.com\/?page_id=50"},"modified":"2026-04-04T21:29:47","modified_gmt":"2026-04-04T21:29:47","slug":"destinations","status":"publish","type":"page","link":"https:\/\/serturim.com\/es\/destinations\/","title":{"rendered":"Destinos"},"content":{"rendered":"<p class=\"wp-block-site-tagline\"> Viajes privados en Colombia, dise\u00f1ados completamente a tu medida.<\/p>\n\n\n<p>Cada destino se experimenta a trav\u00e9s de un viaje completamente privado y personalizado.<\/p>\n\n\n\n<figure class=\"wp-block-gallery has-nested-images columns-default is-cropped wp-block-gallery-1 is-layout-flex wp-block-gallery-is-layout-flex\">\n<figure class=\"wp-block-image size-large is-resized\"><img fetchpriority=\"high\" decoding=\"async\" width=\"1170\" height=\"1171\" data-id=\"307\" src=\"https:\/\/serturim.com\/wp-content\/uploads\/2026\/04\/Colombia-edited.webp\" alt=\"\" class=\"wp-image-307\" style=\"width:337px;height:auto\" srcset=\"https:\/\/serturim.com\/wp-content\/uploads\/2026\/04\/Colombia-edited.webp 1170w, https:\/\/serturim.com\/wp-content\/uploads\/2026\/04\/Colombia-edited-300x300.webp 300w, https:\/\/serturim.com\/wp-content\/uploads\/2026\/04\/Colombia-edited-1024x1024.webp 1024w, https:\/\/serturim.com\/wp-content\/uploads\/2026\/04\/Colombia-edited-150x150.webp 150w, https:\/\/serturim.com\/wp-content\/uploads\/2026\/04\/Colombia-edited-768x769.webp 768w, https:\/\/serturim.com\/wp-content\/uploads\/2026\/04\/Colombia-edited-12x12.webp 12w\" sizes=\"(max-width: 1170px) 100vw, 1170px\" \/><\/figure>\n\n\n\n<figure class=\"wp-block-image size-large\"><img decoding=\"async\" width=\"768\" height=\"1024\" data-id=\"305\" src=\"https:\/\/serturim.com\/wp-content\/uploads\/2026\/04\/Paisaje2-768x1024.webp\" alt=\"\" class=\"wp-image-305\" srcset=\"https:\/\/serturim.com\/wp-content\/uploads\/2026\/04\/Paisaje2-768x1024.webp 768w, https:\/\/serturim.com\/wp-content\/uploads\/2026\/04\/Paisaje2-225x300.webp 225w, https:\/\/serturim.com\/wp-content\/uploads\/2026\/04\/Paisaje2-1152x1536.webp 1152w, https:\/\/serturim.com\/wp-content\/uploads\/2026\/04\/Paisaje2-scaled.webp 1440w, https:\/\/serturim.com\/wp-content\/uploads\/2026\/04\/Paisaje2-9x12.webp 9w\" sizes=\"(max-width: 768px) 100vw, 768px\" \/><\/figure>\n\n\n\n<figure class=\"wp-block-image size-large\"><img decoding=\"async\" data-id=\"309\" src=\"https:\/\/serturim.com\/wp-content\/uploads\/2026\/04\/Paisaje4-1-1024x768.jpg\" alt=\"\" class=\"wp-image-309\"\/><\/figure>\n\n\n\n<figure class=\"wp-block-image size-large\"><img decoding=\"async\" width=\"828\" height=\"1024\" data-id=\"304\" src=\"https:\/\/serturim.com\/wp-content\/uploads\/2026\/04\/Paisaje3-828x1024.webp\" alt=\"\" class=\"wp-image-304\" srcset=\"https:\/\/serturim.com\/wp-content\/uploads\/2026\/04\/Paisaje3-828x1024.webp 828w, https:\/\/serturim.com\/wp-content\/uploads\/2026\/04\/Paisaje3-243x300.webp 243w, https:\/\/serturim.com\/wp-content\/uploads\/2026\/04\/Paisaje3-768x950.webp 768w, https:\/\/serturim.com\/wp-content\/uploads\/2026\/04\/Paisaje3-10x12.webp 10w, https:\/\/serturim.com\/wp-content\/uploads\/2026\/04\/Paisaje3.webp 1170w\" sizes=\"(max-width: 828px) 100vw, 828px\" \/><\/figure>\n\n\n\n<figure class=\"wp-block-image size-large\"><img decoding=\"async\" data-id=\"302\" src=\"https:\/\/serturim.com\/wp-content\/uploads\/2026\/04\/Paisaje5-876x1024.jpg\" alt=\"\" class=\"wp-image-302\"\/><\/figure>\n\n\n\n<figure class=\"wp-block-image size-large\"><img decoding=\"async\" data-id=\"308\" src=\"https:\/\/serturim.com\/wp-content\/uploads\/2026\/04\/Paisaje1-1-1024x576.jpg\" alt=\"\" class=\"wp-image-308\"\/><\/figure>\n<\/figure>\n\n\n\n<h2 class=\"wp-block-heading\">Explora Colombia, a Tu Manera<\/h2>\n\n\n\n<p>Desde ciudades vibrantes hasta paisajes impresionantes, descubre destinos a trav\u00e9s de experiencias totalmente privadas y personalizadas.<\/p>\n\n\n\n\n\n\n\n<h2 class=\"wp-block-heading\">Cada destino, reimaginado<\/h2>\n\n\n\n<p>Colombia no es solo un lugar para visitar, es un pa\u00eds para experimentar. En SERTURIM, cada destino se explora a trav\u00e9s de un viaje privado y curado, dise\u00f1ado completamente a tu medida.<\/p>\n\n\n\n\n\n\n\n<h2 class=\"wp-block-heading\">Medell\u00edn<\/h2>\n\n\n\n<p>Una ciudad de transformaci\u00f3n, cultura e innovaci\u00f3n explorada a trav\u00e9s de experiencias exclusivas y privadas.<\/p>\n\n\n\n<p><strong>Experiencia sugerida:<\/strong><br>\u27a1 Experiencia privada en Medell\u00edn<\/p>\n\n\n\n<figure class=\"wp-block-gallery has-nested-images columns-default is-cropped wp-block-gallery-2 is-layout-flex wp-block-gallery-is-layout-flex\">\n<figure class=\"wp-block-image size-large\"><img decoding=\"async\" data-id=\"311\" src=\"https:\/\/serturim.com\/wp-content\/uploads\/2026\/04\/Med1-1024x576.jpg\" alt=\"\" class=\"wp-image-311\"\/><\/figure>\n\n\n\n<figure class=\"wp-block-image size-large\"><img decoding=\"async\" data-id=\"313\" src=\"https:\/\/serturim.com\/wp-content\/uploads\/2026\/04\/Med2-1024x576.jpg\" alt=\"\" class=\"wp-image-313\"\/><\/figure>\n\n\n\n<figure class=\"wp-block-image size-large\"><img decoding=\"async\" data-id=\"316\" src=\"https:\/\/serturim.com\/wp-content\/uploads\/2026\/04\/Med1-1-1024x576.jpg\" alt=\"\" class=\"wp-image-316\"\/><\/figure>\n\n\n\n<figure class=\"wp-block-image size-large\"><img loading=\"lazy\" decoding=\"async\" width=\"768\" height=\"1024\" data-id=\"317\" src=\"https:\/\/serturim.com\/wp-content\/uploads\/2026\/04\/Med4-1-768x1024.webp\" alt=\"\" class=\"wp-image-317\" srcset=\"https:\/\/serturim.com\/wp-content\/uploads\/2026\/04\/Med4-1-768x1024.webp 768w, https:\/\/serturim.com\/wp-content\/uploads\/2026\/04\/Med4-1-225x300.webp 225w, https:\/\/serturim.com\/wp-content\/uploads\/2026\/04\/Med4-1-1152x1536.webp 1152w, https:\/\/serturim.com\/wp-content\/uploads\/2026\/04\/Med4-1-scaled.webp 1440w, https:\/\/serturim.com\/wp-content\/uploads\/2026\/04\/Med4-1-9x12.webp 9w\" sizes=\"(max-width: 768px) 100vw, 768px\" \/><\/figure>\n\n\n\n<figure class=\"wp-block-image size-large\"><img decoding=\"async\" data-id=\"310\" src=\"https:\/\/serturim.com\/wp-content\/uploads\/2026\/04\/Med5-1024x768.jpg\" alt=\"\" class=\"wp-image-310\"\/><\/figure>\n\n\n\n<figure class=\"wp-block-image size-large\"><img decoding=\"async\" data-id=\"315\" src=\"https:\/\/serturim.com\/wp-content\/uploads\/2026\/04\/Med6-768x1024.jpg\" alt=\"\" class=\"wp-image-315\"\/><\/figure>\n<\/figure>\n\n\n\n<div class=\"wp-block-buttons is-layout-flex wp-block-buttons-is-layout-flex\">\n<div class=\"wp-block-button\"><a class=\"wp-block-button__link wp-element-button\">Explora en privado<\/a><\/div>\n<\/div>\n\n\n\n\n\n\n\n<h2 class=\"wp-block-heading\">Guatap\u00e9-El Pe\u00f1ol<\/h2>\n\n\n\n<p>Paisajes ic\u00f3nicos, calles coloridas y vistas inolvidables experimentadas sin multitudes, a tu propio ritmo.<\/p>\n\n\n\n<p><strong>Experiencia sugerida:<\/strong><br>\u27a1 Tour Privado a Guatap\u00e9<\/p>\n\n\n\n<div class=\"wp-block-buttons is-layout-flex wp-block-buttons-is-layout-flex\">\n<div class=\"wp-block-button\"><a class=\"wp-block-button__link wp-element-button\">Explora en privado<\/a><\/div>\n<\/div>\n\n\n\n\n\n\n\n\n\n\n\n<h2 class=\"wp-block-heading\">Santa Elena<\/h2>\n\n\n\n<p>Naturaleza, flores y tradici\u00f3n: un escape pac\u00edfico hacia las ra\u00edces culturales de Colombia.<\/p>\n\n\n\n<p><strong>Experiencia sugerida:<\/strong><br>\u27a1 Experiencia Floral de Santa Elena<\/p>\n\n\n\n<div class=\"wp-block-buttons is-layout-flex wp-block-buttons-is-layout-flex\">\n<div class=\"wp-block-button\"><a class=\"wp-block-button__link wp-element-button\">Explora en privado<\/a><\/div>\n<\/div>\n\n\n\n\n\n\n\n\n\n\n\n<h2 class=\"wp-block-heading\">Santa Fe de Antioquia<\/h2>\n\n\n\n<p>Encanto colonial, historia y un clima c\u00e1lido, perfecto para un d\u00eda relajado y elegante.<\/p>\n\n\n\n<p><strong>Experiencia sugerida:<\/strong><br>Experiencia de Herencia Colonial<\/p>\n\n\n\n<div class=\"wp-block-buttons is-layout-flex wp-block-buttons-is-layout-flex\">\n<div class=\"wp-block-button\"><a class=\"wp-block-button__link wp-element-button\">Explora en privado<\/a><\/div>\n<\/div>\n\n\n\n\n\n\n\n\n\n\n\n<h2 class=\"wp-block-heading\">Patrimonio Religioso de Medell\u00edn<\/h2>\n\n\n\n<p>Una experiencia espiritual que te permite conocer el legado religioso de la ciudad<\/p>\n\n\n\n<p><strong>Experiencia sugerida:<\/strong><br>Experiencia Espiritual<\/p>\n\n\n\n<div class=\"wp-block-buttons is-layout-flex wp-block-buttons-is-layout-flex\">\n<div class=\"wp-block-button\"><a class=\"wp-block-button__link wp-element-button\">Explora en privado<\/a><\/div>\n<\/div>\n\n\n\n\n\n\n\n\n\n\n\n<h2 class=\"wp-block-heading\">Compras de Lujo en Medell\u00edn<\/h2>\n\n\n\n<p>Medell\u00edn es considerada la Capital de la Moda en Colombia, visita tiendas de dise\u00f1adores, cuero colombiano y m\u00e1s.<\/p>\n\n\n\n<p><strong>Experiencia sugerida:<\/strong><br>Experiencia en centros comerciales<\/p>\n\n\n\n<div class=\"wp-block-buttons is-layout-flex wp-block-buttons-is-layout-flex\">\n<div class=\"wp-block-button\"><a class=\"wp-block-button__link wp-element-button\">Explora en privado<\/a><\/div>\n<\/div>\n\n\n\n\n\n\n\n\n\n\n\n<h2 class=\"wp-block-heading\">Hacienda N\u00e1poles Safari<\/h2>\n\n\n\n<p>Una impresionante reserva natural con una rica historia para Colombia<\/p>\n\n\n\n<p><strong>Experiencia sugerida:<\/strong><br>\u27a1 Experiencia Safari<\/p>\n\n\n\n<div class=\"wp-block-buttons is-layout-flex wp-block-buttons-is-layout-flex\">\n<div class=\"wp-block-button\"><a class=\"wp-block-button__link wp-element-button\">Explora en privado<\/a><\/div>\n<\/div>\n\n\n\n\n\n\n\n\n\n\n\n<h2 class=\"wp-block-heading\">Experiencia en San Pedro de los Milagros<\/h2>\n\n\n\n<p>Un viaje espiritual a uno de los santuarios y paisajes m\u00e1s visitados del pa\u00eds<\/p>\n\n\n\n<p><strong>Experiencia sugerida:<\/strong><br>Experiencia Espiritual<\/p>\n\n\n\n<div class=\"wp-block-buttons is-layout-flex wp-block-buttons-is-layout-flex\">\n<div class=\"wp-block-button\"><a class=\"wp-block-button__link wp-element-button\">Explora en privado<\/a><\/div>\n<\/div>\n\n\n\n\n\n\n\n\n\n\n\n<h2 class=\"wp-block-heading\">No solo destinos, experiencias curadas<\/h2>\n\n\n\n<p>No solo te llevamos a lugares. Dise\u00f1amos tu experiencia en ellos: de forma privada, c\u00f3moda y totalmente a tu manera.<\/p>\n\n\n\n\n\n\n\n<h2 class=\"wp-block-heading\">Combina destinos, crea tu viaje<\/h2>\n\n\n\n<p>Todos los destinos se pueden combinar en una experiencia privada de varios d\u00edas, totalmente adaptada a tu estilo de viaje.<\/p>\n\n\n\n\n\n\n\n<h2 class=\"wp-block-heading\">Dise\u00f1emos tu ruta<\/h2>\n\n\n\n<p>Dinos a d\u00f3nde quieres ir y crearemos el viaje perfecto para ti.<\/p>\n\n\n\n<div class=\"wp-block-buttons is-layout-flex wp-block-buttons-is-layout-flex\">\n<div class=\"wp-block-button\"><a class=\"wp-block-button__link wp-element-button\" href=\"https:\/\/wa.me\/573128555988?text=Hello%20I%20would%20like%20to%20plan%20a%20private%20journey%20in%20Colombia\">Planifica mi viaje<\/a><\/div>\n<\/div>\n\n\n\n<p class=\"has-black-color has-text-color has-link-color wp-elements-9ac00cf961d1ea846fe5a532228b76c6\"><\/p>","protected":false},"excerpt":{"rendered":"<p>Each destination is experienced through a fully private and personalized journey. Explore Colombia, Your Way From vibrant cities to breathtaking landscapes, discover destinations through fully private and personalized experiences. Every destination reimagined Colombia is not just a place to visit it\u2019s a country to experience. At SERTURIM, each destination is explored through a private, curated [&hellip;]<\/p>\n","protected":false},"author":1,"featured_media":0,"parent":0,"menu_order":0,"comment_status":"closed","ping_status":"closed","template":"","meta":{"travel_tour_sidebar_layout":"","_joinchat":[],"footnotes":""},"class_list":["post-50","page","type-page","status-publish","hentry","col-sm-12 eq-blocks"],"_links":{"self":[{"href":"https:\/\/serturim.com\/es\/wp-json\/wp\/v2\/pages\/50","targetHints":{"allow":["GET"]}}],"collection":[{"href":"https:\/\/serturim.com\/es\/wp-json\/wp\/v2\/pages"}],"about":[{"href":"https:\/\/serturim.com\/es\/wp-json\/wp\/v2\/types\/page"}],"author":[{"embeddable":true,"href":"https:\/\/serturim.com\/es\/wp-json\/wp\/v2\/users\/1"}],"replies":[{"embeddable":true,"href":"https:\/\/serturim.com\/es\/wp-json\/wp\/v2\/comments?post=50"}],"version-history":[{"count":11,"href":"https:\/\/serturim.com\/es\/wp-json\/wp\/v2\/pages\/50\/revisions"}],"predecessor-version":[{"id":320,"href":"https:\/\/serturim.com\/es\/wp-json\/wp\/v2\/pages\/50\/revisions\/320"}],"wp:attachment":[{"href":"https:\/\/serturim.com\/es\/wp-json\/wp\/v2\/media?parent=50"}],"curies":[{"name":"wp","href":"https:\/\/api.w.org\/{rel}","templated":true}]}}